{"id":434,"date":"2018-06-09T17:32:59","date_gmt":"2018-06-09T17:32:59","guid":{"rendered":"https:\/\/customideasmx.com\/iamericano\/?page_id=434"},"modified":"2018-09-04T15:46:28","modified_gmt":"2018-09-04T15:46:28","slug":"preparatoria","status":"publish","type":"page","link":"https:\/\/customideasmx.com\/iamericano\/preparatoria\/","title":{"rendered":"Preparatoria"},"content":{"rendered":"[vc_section full_width=\u00bbstretch_row\u00bb full_height=\u00bbyes\u00bb css_animation=\u00bbfadeInLeft\u00bb el_class=\u00bbinisection\u00bb][vc_row fullwidth=\u00bbtrue\u00bb fullwidth_content=\u00bbfalse\u00bb el_class=\u00bbh-row\u00bb css=\u00bb.vc_custom_1528459988388{margin-top: 0px !important;}\u00bb][vc_column width=\u00bb1\/2&#8243;][mk_custom_box padding_horizental=\u00bb40&#8243; min_height=\u00bb600&#8243; animation=\u00bbtop-to-bottom\u00bb bg_color=\u00bbrgba(0,0,0,0.3)\u00bb bg_stretch=\u00bbtrue\u00bb][vc_empty_space height=\u00bb50px\u00bb][vc_column_text align=\u00bbcenter\u00bb animation=\u00bbleft-to-right\u00bb el_class=\u00bbtext-ini\u00bb css=\u00bb.vc_custom_1528702917728{margin-bottom: 0px !important;}\u00bb]\n<div class=\"over_ground\"><\/div>\n<p class=\"pages-titles\" style=\"text-align: center;\">Preparatoria<\/p>\n<hr style=\"max-width: 450px; border: 2px solid #fff;\" \/>\n<p>&nbsp;<\/p>\n<p class=\"pages-titles2\" style=\"text-align: center;\" draggable=\"false\">El plan de estudios autorizado por la UNAM y las materias adicionales que se imparten, cubren los requisitos escolares para cursar posteriormente una licenciatura en instituciones p\u00fablicas como el I.P.N, U.A.M, as\u00ed como en universidades privadas.<\/p>\n<p class=\"pages-titles2\" style=\"text-align: center;\" draggable=\"false\">Al inscribirte con nosotros, contar\u00e1s con una credencial con afiliaci\u00f3n al sistema de la UNAM, con la que podr\u00e1s tener preferencia si decides cursar una licenciatura en la Universidad Nacional Aut\u00f3noma de M\u00e9xico, adem\u00e1s de acceso a sus bibliotecas y descuentos a los que tienen derecho los estudiantes de la m\u00e1xima casa de estudios.<\/p>\n[\/vc_column_text][vc_empty_space height=\u00bb50px\u00bb][\/mk_custom_box][\/vc_column][vc_column width=\u00bb1\/2&#8243;][\/vc_column][\/vc_row][\/vc_section][vc_row css=\u00bb.vc_custom_1528408106878{margin-top: 35px !important;}\u00bb][vc_column width=\u00bb1\/2&#8243;]<div class=\"evc-section-title evc-shortcode \" style=\"text-align: left\">\n\t<div class=\"evc-st-inner\">\n\t\t\t\t\t<h4 class=\"evc-st-title\" >\n\t\t\t\tHorario de clases:\t\t\t<\/h4>\n\t\t\t\t\t\t\t\t\t<\/div>\n<\/div>\n[vc_column_text css=\u00bb.vc_custom_1528702677500{margin-bottom: 0px !important;}\u00bb]\n<p style=\"text-align: left;\">7:00 AM a 1:40 PM<\/p>\n[\/vc_column_text]<a class=\"evc-button evc-shortcode popmake-472 evc-btn-solid evc-btn-large evc-btn-has-icon\"  style=\"font-family: Abel;font-weight: 700;text-transform: capitalize;background-color: #2e3788\" data-hover-background-color=\"#e23d24\">\n\t\t\n\t<span class=\"evc-btn-icon fa fa-file-text\"><\/span>\n\t<span class=\"evc-btn-text\">PLAN DE ESTUDIOS<\/span>\n<\/a>\n[vc_empty_space][mk_fullwidth_slideshow attachment=\u00bbfixed\u00bb images=\u00bb462,463,464&#8243; stretch_images=\u00bbtrue\u00bb animation_speed=\u00bb500&#8243; slideshow_speed=\u00bb4000&#8243; direction_nav=\u00bbfalse\u00bb][\/vc_column][vc_column width=\u00bb1\/2&#8243;]<style type=\"text\/css\" id=\"101\" data-form-unique-id=\"25116\" >.arf_form_outer_wrapper.ar_main_div_101 .arf_fieldset .arfsubmitbutton button.arf_submit_btn{\n  width:95%;\n}\n\n\n.arf_form_outer_wrapper.ar_main_div_101 .arf_fieldset,.popup-form-101 .arfmodal{\nborder: 5px solid #2E3788;\n}<\/style><div class=\"arf_form ar_main_div_101 arf_form_outer_wrapper \" id=\"arffrm_101_container\"><div id=\"arf_message_success_popup\" style=\"display:none;\"><div class=\"msg-detail\"><div class=\"msg-description-success\">Su mensaje ha sido enviado correctamente, agradecemos su inter\u00e9s, nos pondremos en contacto con usted.<\/div><\/div><\/div><form enctype=\"multipart\/form-data\" method=\"post\" class=\"arfshowmainform  \" style=\"\" data-form-id=\"form_215xke\"  novalidate=\"\" data-id=\"25116\"  data-random-id=\"101_ZlXRy8GE2F\"  data-submission-key=\"SPNyb1b7\"  data-popup-id=\"\"><input type='text' name='arf_filter_input' data-jqvalidate='false' data-random-key='101_ZlXRy8GE2F' value='' style='opacity:0 !important;display:none !important;visibility:hidden !important;' \/><input type=\"hidden\" data-jqvalidate=\"false\" name=\"\" class=\"kpress\" value=\"\" \/><input type=\"hidden\" data-jqvalidate=\"false\" name=\"\" class=\"stime\" value=\"1775749112\" \/><input type=\"hidden\" data-jqvalidate=\"false\" data-id=\"nonce_start_time\" class=\"nonce_start_time\" value=\"form_filter_st\" \/><input type=\"hidden\" data-jqvalidate=\"false\" data-id=\"nonce_keyboard_press\" class=\"nonce_keyboard_press\" value=\"form_filter_kp\" \/><input type=\"hidden\" data-jqvalidate=\"false\" data-id=\"arm_nonce_check\" name=\"arm_nonce_check\" value=\"66d630e112\" \/><input type=\"hidden\" data-jqvalidate=\"false\" name=\"arf_browser_name\" data-id=\"arf_browser_name\" data-version=\"?\" value=\"Unknown\" \/><input type=\"hidden\" data-jqvalidate=\"false\" name=\"imagename_101_25116\" id=\"imagename_101_25116\" value=\"\" \/><input type=\"hidden\" data-jqvalidate=\"false\" name=\"upload_field_id_101_25116\" id=\"upload_field_id_101_25116\" value=\"\" \/><input type=\"hidden\" data-jqvalidate=\"false\" name=\"arfdecimal_separator\" data-id=\"arfdecimal_separator\" value=\".\" \/><input type=\"hidden\" data-jqvalidate=\"false\" name=\"arfform_date_formate_101\" data-id=\"arfform_date_formate_101\" value=\"MMM D, YYYY\" \/><input type=\"hidden\" data-jqvalidate=\"false\" name=\"form_key_101\" data-id=\"form_key_101\" value=\"215xke\" \/><input type=\"hidden\" data-jqvalidate=\"false\" name=\"arf_success_message_show_time_101\" data-id=\"arf_success_message_show_time_101\" value=\"3\" \/><input type=\"hidden\" data-jqvalidate=\"false\" name=\"arf_form_hide_after_submit_101\" data-id=\"arf_form_hide_after_submit_101\" value=\"\" \/><input type=\"hidden\" data-jqvalidate=\"false\" name=\"is_form_preview_101\" data-id=\"is_form_preview_101\" value=\"\" \/><input type=\"hidden\" data-jqvalidate=\"false\" name=\"arf_validate_outside_101\" data-id=\"arf_validate_outside_101\" data-validate=\"0\" value=\"0\" \/><input type=\"hidden\" data-jqvalidate=\"false\" name=\"arf_is_validate_outside_101\" data-id=\"arf_is_validate_outside_101\" data-validate=\"0\" value=\"0\" \/><input type=\"hidden\" data-jqvalidate=\"false\" name=\"arf_is_resetform_aftersubmit_101\" data-id=\"arf_is_resetform_aftersubmit_101\" value=\"1\" \/><input type=\"hidden\" data-jqvalidate=\"false\" name=\"arf_is_resetform_outside_101\" data-id=\"arf_is_resetform_outside_101\" value=\"0\" \/><input type=\"hidden\" data-jqvalidate=\"false\" name=\"arf_form_enable_cookie_101\" data-id=\"arf_form_enable_cookie_101\" value=\"\" \/><input type=\"hidden\" data-jqvalidate=\"false\" name=\"arf_tooltip_settings_101\" data-id=\"arf_tooltip_settings_101\" class=\"arf_front_tooltip_settings\" data-form-id=\"101\" data-color=\"#FFFFFF\" data-position=\"\" data-width=\"\" data-bg-color=\"#000000\" \/><input type=\"hidden\" data-jqvalidate=\"false\" name=\"form_tooltip_error_101\" data-id=\"form_tooltip_error_101\" data-color=\"\" data-position=\"bottom\" value=\"normal\" \/><input type=\"text\" data-jqvalidate=\"false\" name=\"fake_text\" data-id=\"fake_text\" value=\"\" style=\"height:0 !important; margin:0 !important; opacity: 0 !important; filter:alpha(opacity=0); padding:0 !important; width:0 !important; float:left;\" \/><input type=\"hidden\" data-jqvalidate=\"false\" name=\"arfaction\" value=\"create\" \/><input type=\"hidden\" data-jqvalidate=\"false\" name=\"form_id\" data-id=\"form_id\" value=\"101\" \/><input type=\"hidden\" data-jqvalidate=\"false\" name=\"form_data_id\" data-id=\"form_data_id\" value=\"25116\" \/><input type=\"hidden\" data-jqvalidate=\"false\" name=\"form_key\" data-id=\"form_key\" value=\"215xke\" \/><input type=\"hidden\" data-jqvalidate=\"false\" name=\"is_load_js_and_css_in_all_pages\" data-id=\"is_load_js_and_css_in_all_pages\" value=\"0\" \/><input type=\"hidden\" data-jqvalidate=\"false\" name=\"form_display_type\" data-id=\"form_display_type\" value=\"0|https:\/\/customideasmx.com\/iamericano\/preparatoria\/\" \/><input type=\"hidden\" data-jqvalidate=\"false\" name=\"form_submit_type\" data-id=\"form_submit_type\" value=\"0\" \/><input type=\"hidden\" data-jqvalidate=\"false\" name=\"arf_http_referrer_url\" data-id=\"arf_http_referrer_url\" value=\"\" \/><input type=\"hidden\" data-jqvalidate=\"false\" name=\"entry_key\" value=\"\" \/><div class=\"allfields\"  style=\"visibility:hidden;height:0;\"><div class=\"arf_fieldset arf_materialize_form\" id=\"arf_fieldset_25116\"><div class=\"arftitlecontainer\"><div class=\"formtitle_style\">Informes y Admisiones<\/div><\/div><div id=\"page_0\" class=\"page_break\"><div id=\"arf_field_138_25116_container\" class=\"arfformfield control-group arfmainformfield  arf_horizontal_radio  arffieldrequired arf_field_type_radio   top_container arfformfield  top_container none_container arf_field_138\"  style='width: 100%'  data-field-type=\"radio\"><label for=\"field_h3w0p3_25116\" class=\"arf_main_label arf_main_label_16px active \">Nivel<span class=\"arfcheckrequiredfield\">*<\/span><\/label><div class=\"setting_radio controls  arf_material_radio arf_default_material \" style=\"padding-top:5px;\" ><div class=\"arf_radiobutton \"><div class='arf_radio_input_wrapper'><input type=\"radio\" name=\"item_meta[138]\" id=\"field_138-0-25116\" data-unique-id=\"25116\" value=\"Preescolar\"   class=\" arf_required\" data-validation-minchecked-minchecked=\"1\" data-validation-minchecked-message=\"Selecciona al menos una opci\u00f3n.\" style=\" \" \/><span><\/span><\/div><label for=\"field_138-0-25116\" class=\"\">Preescolar<\/label><\/div><div class=\"arf_radiobutton \"><div class='arf_radio_input_wrapper'><input type=\"radio\" name=\"item_meta[138]\" id=\"field_138-1-25116\" data-unique-id=\"25116\" value=\"Primaria\"   class=\" arf_required\" style=\" \" \/><span><\/span><\/div><label for=\"field_138-1-25116\" class=\"\">Primaria<\/label><\/div><div class=\"arf_radiobutton \"><div class='arf_radio_input_wrapper'><input type=\"radio\" name=\"item_meta[138]\" id=\"field_138-2-25116\" data-unique-id=\"25116\" value=\"Secundaria\"   class=\" arf_required\" style=\" \" \/><span><\/span><\/div><label for=\"field_138-2-25116\" class=\"\">Secundaria<\/label><\/div><div class=\"arf_radiobutton \"><div class='arf_radio_input_wrapper'><input type=\"radio\" name=\"item_meta[138]\" id=\"field_138-3-25116\" data-unique-id=\"25116\" value=\"Preparatoria\"   class=\" arf_required\" style=\" \" \/><span><\/span><\/div><label for=\"field_138-3-25116\" class=\"\">Preparatoria<\/label><\/div><div class=\"arf_radiobutton \"><div class='arf_radio_input_wrapper'><input type=\"radio\" name=\"item_meta[138]\" id=\"field_138-4-25116\" data-unique-id=\"25116\" value=\"Licenciatura\"   class=\" arf_required\" style=\" \" \/><span><\/span><\/div><label for=\"field_138-4-25116\" class=\"\">Licenciatura<\/label><\/div><div class=\"arf_field_description \">Selecciona el nivel del que deseas informes<\/div><\/div><\/div><div style=\"clear:both;\"><\/div><div id=\"arf_field_125_25116_container\" class=\"arfformfield control-group arfmainformfield  arffieldrequired arf_field_type_text  top_container none_container top_container arfformfield frm_first_half arf_field_125\"  style='width: 48.211%' data-field-type=\"text\" ><div class=\"controls\"   ><input   type=\"text\" id=\"field_6csrkz_25116\"  name=\"item_meta[125]\"  class=\" arf_required\" placeholder=\"Nombre\"  data-validation-required-message=\"Ingrese un nombre\"   \/><\/div><\/div><div class=\"arf_half_middle\"><\/div><div id=\"arf_field_126_25116_container\" class=\"arfformfield control-group arfmainformfield  arf_field_type_phone  top_container none_container  top_container arfformfield frm_last_half arf_field_126\"  style='width: 48.355%'  data-field-type=\"phone\"><div class=\"controls\"   ><input type=\"tel\"  id=\"field_7ds7lp_25116\"name=\"item_meta[126]\" placeholder=\"Tel\u00e9fono\" data-validation-number-message=\"Ingrese un n\u00famero de tel\u00e9fono v\u00e1lido\"\/><\/div><\/div><div style=\"clear:both;\"><\/div><div id=\"arf_field_127_25116_container\" class=\"arfformfield control-group arfmainformfield  arffieldrequired arf_field_type_email  top_container none_container  top_container arfformfield  arf_field_127\"  style='width: 100%'  data-field-type=\"email\"><div class=\"controls\"   ><input type=\"text\" id=\"field_nhguti_25116\" name=\"item_meta[127]\"  placeholder=\"Correo\"  class=\" arf_required\" data-validation-required-message=\"Ingrese una direcci\u00f3n de correo\"  data-validation-regex-regex=\"[A-Za-z0-9._%+-]+@[A-Za-z0-9.-]+\\.[A-Za-z]+\" data-validation-regex-message=\"Ingrese una direcci\u00f3n v\u00e1lida de correo\"  \/><\/div><\/div><div style=\"clear:both;\"><\/div><div id=\"arf_field_128_25116_container\" class=\"arfformfield control-group arfmainformfield  arffieldrequired arf_field_type_textarea  top_container none_container top_container arfformfield  arf_field_128\"  style='width: 100%'  data-field-type=\"textarea\"><div class=\"controls\"   ><textarea class=\"\" name=\"item_meta[128]\" id=\"field_zfzfmx_25116\"  rows=\"3\"  class=\" arf_required\" placeholder=\"Mensaje\"  data-validation-required-message=\"Este campo no puede ir vac\u00edo\"  ><\/textarea><\/div><\/div><div style=\"clear:both;\"><\/div><div style=\"clear:both;height:1px;\">&nbsp;<\/div><\/div><!-- page_break && page_0--><div class=\"arfsubmitbutton top_container\" ><div class=\"arf_submit_div file-field  top_container\"><input type=\"hidden\" data-jqvalidate=\"false\" value=\"1\" name=\"is_submit_form_101\" data-id=\"is_submit_form_101\" \/><input type=\"hidden\" data-jqvalidate=\"false\" value=\"0\" data-val=\"0\" data-max=\"0\" name=\"submit_form_101\" data-id=\"submit_form_101\" \/><button class=\"arf_submit_btn btn btn-flat btn-info arfstyle-button  unknown\"  id=\"arf_submit_btn_25116\" name=\"arf_submit_btn_25116\" data-style=\"zoom-in\"  ><span class=\"arfsubmitloader\"><\/span><span class=\"arfstyle-label\">Enviar<\/span><\/button><\/div><\/div><div style=\"clear:both\"><\/div><\/div><!-- arf_fieldset --><\/div><!-- allfields --><\/form><script type='text\/javascript' data-cfasync='false'>if(!window['arf_conditional_logic']){window['arf_conditional_logic'] = new Array();}window['arf_conditional_logic'][25116] = {\"logic\":[],\"dependents\":[],\"defaults\":[]};<\/script><\/div><!--arf_form_outer_wrapper --><div class=\"brand-div\"><\/div><div class=\"\"><input type=\"hidden\" data-jqvalidate=\"false\" name=\"form_id\" data-id=\"form_id\" value=\"101\" \/><input type=\"hidden\" data-jqvalidate=\"false\" name=\"arfmainformurl\" data-id=\"arfmainformurl\" value=\"https:\/\/customideasmx.com\/iamericano\/wp-content\/plugins\/arforms\" \/><\/div><input type='hidden' id='arf_settings_recaptcha_v2_public_key' value='' \/><input type='hidden' id='arf_settings_recaptcha_v2_public_theme' value='light' \/><input type='hidden' id='arf_settings_recaptcha_v2_public_lang' value='en' \/>[\/vc_column][\/vc_row][vc_row][vc_column][vc_empty_space][mk_content_box heading=\u00bbCont\u00e1ctanos\u00bb icon=\u00bbmk-moon-phone\u00bb animation=\u00bbfade-in\u00bb][vc_column_text css=\u00bb.vc_custom_1528702653395{margin-bottom: 0px !important;}\u00bb]\n<div id=\"element-218\" class=\"page-element widget-container page-element-type-text widget-text \">\n<div class=\"contents\">\n<p style=\"text-align: center;\" draggable=\"false\">Campus B &#8211; Educaci\u00f3n Media y Superior<\/p>\n<\/div>\n<\/div>\n<p style=\"text-align: center; text-decoration: none; font-size: 24px;\"><a href=\"tel:51166264\">5116-6264<\/a>\u00a0\/ <a href=\"tel:57703995\">5770-3995<\/a><\/p>\n<p style=\"text-align: center;\">Av. Insurgentes No. 2, Col. San Crist\u00f3bal Centro, Ecatepec de Morelos, Estado de M\u00e9xico.<\/p>\n[\/vc_column_text][\/mk_content_box][\/vc_column][\/vc_row][vc_row][vc_column][\/vc_column][\/vc_row]\n","protected":false},"excerpt":{"rendered":"<p>[vc_section full_width=\u00bbstretch_row\u00bb full_height=\u00bbyes\u00bb css_animation=\u00bbfadeInLeft\u00bb el_class=\u00bbinisection\u00bb][vc_row fullwidth=\u00bbtrue\u00bb fullwidth_content=\u00bbfalse\u00bb el_class=\u00bbh-row\u00bb css=\u00bb.vc_custom_1528459988388{margin-top: 0px !important;}\u00bb][vc_column width=\u00bb1\/2&#8243;][mk_custom_box padding_horizental=\u00bb40&#8243; min_height=\u00bb600&#8243; animation=\u00bbtop-to-bottom\u00bb bg_color=\u00bbrgba(0,0,0,0.3)\u00bb bg_stretch=\u00bbtrue\u00bb][vc_empty_space height=\u00bb50px\u00bb][vc_column_text align=\u00bbcenter\u00bb animation=\u00bbleft-to-right\u00bb el_class=\u00bbtext-ini\u00bb css=\u00bb.vc_custom_1528702917728{margin-bottom: 0px !important;}\u00bb] Preparatoria &nbsp; El plan de estudios autorizado por la UNAM y las materias adicionales que se imparten, cubren los requisitos escolares para cursar posteriormente una licenciatura en instituciones p\u00fablicas como el [&hellip;]<\/p>\n","protected":false},"author":2,"featured_media":0,"parent":0,"menu_order":0,"comment_status":"closed","ping_status":"closed","template":"","meta":[],"_links":{"self":[{"href":"https:\/\/customideasmx.com\/iamericano\/wp-json\/wp\/v2\/pages\/434"}],"collection":[{"href":"https:\/\/customideasmx.com\/iamericano\/wp-json\/wp\/v2\/pages"}],"about":[{"href":"https:\/\/customideasmx.com\/iamericano\/wp-json\/wp\/v2\/types\/page"}],"author":[{"embeddable":true,"href":"https:\/\/customideasmx.com\/iamericano\/wp-json\/wp\/v2\/users\/2"}],"replies":[{"embeddable":true,"href":"https:\/\/customideasmx.com\/iamericano\/wp-json\/wp\/v2\/comments?post=434"}],"version-history":[{"count":14,"href":"https:\/\/customideasmx.com\/iamericano\/wp-json\/wp\/v2\/pages\/434\/revisions"}],"predecessor-version":[{"id":485,"href":"https:\/\/customideasmx.com\/iamericano\/wp-json\/wp\/v2\/pages\/434\/revisions\/485"}],"wp:attachment":[{"href":"https:\/\/customideasmx.com\/iamericano\/wp-json\/wp\/v2\/media?parent=434"}],"curies":[{"name":"wp","href":"https:\/\/api.w.org\/{rel}","templated":true}]}}